{"id":28,"date":"2025-11-17T22:35:29","date_gmt":"2025-11-17T22:35:29","guid":{"rendered":"https:\/\/www.sfdp.fr\/?page_id=28"},"modified":"2025-11-17T22:35:29","modified_gmt":"2025-11-17T22:35:29","slug":"rencontres-organisees-par-la-sfdp","status":"publish","type":"page","link":"https:\/\/www.sfdp.fr\/index.php\/rencontres-organisees-par-la-sfdp\/","title":{"rendered":"Rencontres organis\u00e9es par la SFDP"},"content":{"rendered":"\n<p>Plusieurs types de rencontres ont \u00e9t\u00e9 organis\u00e9es avec le haut patronage des doyens des universit\u00e9s qui se sont poursuivis par la d\u00e9couverte des richesses culturelles de la r\u00e9gion.<\/p>\n\n\n\n<p class=\"is-style-text-subtitle\">Journ\u00e9es et rencontres r\u00e9gionales<\/p>\n\n\n\n<ul class=\"wp-block-list\">\n<li><strong>Journ\u00e9es R\u00e9gionales de la SFDP, \u00e0 Bordeaux<\/strong><br>Le vin est-il un m\u00e9dicament ?<\/li>\n\n\n\n<li><strong>Journ\u00e9es R\u00e9gionales de la SFDP, \u00e0 Tours<\/strong><br>Exercice professionnel et \u00e9thique : Le Pharmacien et le patient<br>Conf\u00e9rence du Dr P. Metadier : Balzac en touraine, Balzac et la sant\u00e9<br>Visites comment\u00e9es de Sach\u00e9 et Azay-le-Rideau<\/li>\n\n\n\n<li><strong>Journ\u00e9es R\u00e9gionales de la SFDP, \u00e0 Reims<\/strong><br>Industrie pharmaceutique : ses responsabilit\u00e9s de recherche et de s\u00e9curit\u00e9 sanitaire<br>Cr\u00e9ation scientifique et artistique par le Prof. J. Bernard<br>Conf\u00e9rence sur la valeur symbolique de la comm\u00e9moration du 15\u00e8me centenaire du bapt\u00eame de Clovis<\/li>\n\n\n\n<li><strong>Journ\u00e9es R\u00e9gionales de la SFDP, \u00e0 Montpellier<\/strong><br>T\u00e9moignages et Prospectives<br>Visite de St-Guilhem du D\u00e9sert et rencontre de l&rsquo;organiste (concert priv\u00e9)<\/li>\n\n\n\n<li><strong>Rencontres R\u00e9gionales de la SFDP, \u00e0 Dijon<\/strong><br>Patients : de nouvelles dispositions, de nouveaux droits, \u00e9volution, r\u00e9volution<\/li>\n\n\n\n<li><strong>R\u00e9union conjointe entre l&rsquo;Acad\u00e9mie nationale de Pharmacie et la SFDP \u00e0 Lille<\/strong><\/li>\n<\/ul>\n\n\n\n<p class=\"is-style-text-subtitle\">Journ\u00e9es et rencontres internationales<\/p>\n\n\n\n<p><strong>Premi\u00e8res Rencontres Franco-Marocaines de la SFDP \u00e0 Marrakech<\/strong><br>Avec l&rsquo;active collaboration du syndicat des pharmaciens de Marrakech<\/p>\n\n\n\n<p><strong>Premi\u00e8re Rencontre Franco-Belge de la SFDP, \u00e0 Lille<\/strong><br>En marge du M\u00e9dicament : les Produits Fronti\u00e8res<\/p>\n\n\n\n<p><strong>Rencontres tripartites (Galien &#8211; Ibn Sina Avicenne)<\/strong>, \u00e0 Rabat\u00a0organis\u00e9es conjointement par l&rsquo;Acad\u00e9mie du Royaume du Maroc, l&rsquo;Acad\u00e9mie Nationale de Pharmacie et la SFDP<\/p>\n\n\n\n<p><strong>SFDP \u00e0 Cracovie, Pologne<\/strong><\/p>\n\n\n\n<p><strong>SFDP \u00e0 Istanbul et Edirne, Turquie<\/strong><\/p>\n\n\n\n<p><strong>SFDP \u00e0 Budapest, Hongrie<\/strong><\/p>\n\n\n\n<p><\/p>\n","protected":false},"excerpt":{"rendered":"<p>Plusieurs types de rencontres ont \u00e9t\u00e9 organis\u00e9es avec le haut patronage des doyens des universit\u00e9s qui se sont poursuivis par la d\u00e9couverte des richesses culturelles de la r\u00e9gion. Journ\u00e9es et rencontres r\u00e9gionales Journ\u00e9es et rencontres internationales Premi\u00e8res Rencontres Franco-Marocaines de la SFDP \u00e0 MarrakechAvec l&rsquo;active collaboration du syndicat des pharmaciens de Marrakech Premi\u00e8re Rencontre Franco-Belge [&hellip;]<\/p>\n","protected":false},"author":1,"featured_media":0,"parent":0,"menu_order":0,"comment_status":"closed","ping_status":"closed","template":"","meta":{"footnotes":""},"class_list":["post-28","page","type-page","status-publish","hentry"],"_links":{"self":[{"href":"https:\/\/www.sfdp.fr\/index.php\/wp-json\/wp\/v2\/pages\/28","targetHints":{"allow":["GET"]}}],"collection":[{"href":"https:\/\/www.sfdp.fr\/index.php\/wp-json\/wp\/v2\/pages"}],"about":[{"href":"https:\/\/www.sfdp.fr\/index.php\/wp-json\/wp\/v2\/types\/page"}],"author":[{"embeddable":true,"href":"https:\/\/www.sfdp.fr\/index.php\/wp-json\/wp\/v2\/users\/1"}],"replies":[{"embeddable":true,"href":"https:\/\/www.sfdp.fr\/index.php\/wp-json\/wp\/v2\/comments?post=28"}],"version-history":[{"count":1,"href":"https:\/\/www.sfdp.fr\/index.php\/wp-json\/wp\/v2\/pages\/28\/revisions"}],"predecessor-version":[{"id":29,"href":"https:\/\/www.sfdp.fr\/index.php\/wp-json\/wp\/v2\/pages\/28\/revisions\/29"}],"wp:attachment":[{"href":"https:\/\/www.sfdp.fr\/index.php\/wp-json\/wp\/v2\/media?parent=28"}],"curies":[{"name":"wp","href":"https:\/\/api.w.org\/{rel}","templated":true}]}}