{"id":26,"date":"2025-11-17T22:26:20","date_gmt":"2025-11-17T22:26:20","guid":{"rendered":"https:\/\/www.sfdp.fr\/?page_id=26"},"modified":"2025-11-17T22:38:55","modified_gmt":"2025-11-17T22:38:55","slug":"conferences","status":"publish","type":"page","link":"https:\/\/www.sfdp.fr\/index.php\/conferences\/","title":{"rendered":"Conf\u00e9rences"},"content":{"rendered":"\n<p>Chaque ann\u00e9e, la SFDP proposait plusieurs conf\u00e9rences th\u00e9matiques.<\/p>\n\n\n\n<p>Voici une s\u00e9lection les derni\u00e8res conf\u00e9rences :<\/p>\n\n\n\n<ul class=\"wp-block-list\">\n<li>Conf\u00e9rence d&rsquo;Henri Aronisk sur le th\u00e8me : Aper\u00e7u de la Pharmacie par la Philat\u00e9lie.<\/li>\n\n\n\n<li>Conf\u00e9rence de Nacima Oussedik sur le th\u00e8me : Conciliation m\u00e9dicamenteuse.<\/li>\n\n\n\n<li>Conf\u00e9rence de Bruno Baudin sur le th\u00e8me : Sarco\u00efdose &#8211; diagnostic et th\u00e9rapeutique.<\/li>\n\n\n\n<li>Conf\u00e9rence de\u00a0Jean-Christophe Gu\u00e9guen sur le th\u00e8me :\u00a0L\u2019Odyss\u00e9e des plantes.<\/li>\n\n\n\n<li>Conf\u00e9rence de Fran\u00e7oise Fahlun,\u00a0sur le th\u00e8me : Les m\u00e9tiers de l\u2019inspection<\/li>\n\n\n\n<li>Conf\u00e9rence de F. Guillot&nbsp;sur le th\u00e8me : Les greffes de peau : Progr\u00e8s en culture cellulaire<\/li>\n\n\n\n<li>Conf\u00e9rence de Katim Alaoui&nbsp;sur le th\u00e8me de la Recherche et sauvegarde de l&rsquo;Arganier<\/li>\n\n\n\n<li>Conf\u00e9rence d&rsquo;Henri Lepage\u00a0sur le th\u00e8me de l&rsquo;Opinion pharmaceutique<\/li>\n\n\n\n<li>Conf\u00e9rence de Ch. Jacquot&nbsp;sur le th\u00e8me de la Place de la Pharmacologie exp\u00e9rimentale<\/li>\n\n\n\n<li>Conf\u00e9rence de P. Delaveau&nbsp;sur le th\u00e8me des Aromates ou M\u00e9dicaments : les \u00e9pices parmi nous<\/li>\n\n\n\n<li>Conf\u00e9rence de F.A. Allaert&nbsp;sur le th\u00e8me des Enqu\u00eates pharmaco-\u00e9pid\u00e9miologiques : objectifs, int\u00e9r\u00eats, le r\u00f4le sp\u00e9cifique du pharmacien<\/li>\n\n\n\n<li>Conf\u00e9rence de Marina Jamet, Vice-Pr\u00e9sidente de l&rsquo;UTIP&nbsp;sur le th\u00e8me de la Formation pharmaceutique continue en France, o\u00f9 en sommes nous ?<\/li>\n\n\n\n<li>Conf\u00e9rence de Jean-Luc Delmas, Pr\u00e9sident du Conseil central de la Section C de l&rsquo;Ordre national des pharmaciens&nbsp;sur le th\u00e8me de la Pharmacie et Europe \u2013 Evolution et perspectives.<\/li>\n\n\n\n<li>Conf\u00e9rence d&rsquo;Isabelle Adenot, Pr\u00e9sidente du Conseil national de l&rsquo;Ordre des Pharmaciens&nbsp;sur le th\u00e8me de l&rsquo;Europe de la pharmacie.<\/li>\n\n\n\n<li>Conf\u00e9rence de C. Durandeau, ma\u00eetre de conf\u00e9rences \u00e0 la Facult\u00e9 de Pharmacie de Bordeaux sur le th\u00e8me de la d\u00e9marche Qualit\u00e9 \u00e0 l&rsquo;Universit\u00e9.<\/li>\n\n\n\n<li>Conf\u00e9rence de Luc Besan\u00e7on sur le th\u00e8me de l&rsquo;Impact positif des pharmaciens d&rsquo;officine en sant\u00e9 publique : les \u00e9tudes et les preuves en France et dans le monde.<\/li>\n\n\n\n<li>Conf\u00e9rence de Jos\u00e9 Garcia Mace, Directeur G\u00e9n\u00e9ral de Lob Conseils&nbsp;sur le th\u00e8me du syndrome m\u00e9tabolique<\/li>\n\n\n\n<li>Conf\u00e9rence d&rsquo;Elisabeth Khan-Massou dit Bourdet&nbsp;sur le th\u00e8me de la S\u00e9curisation du circuit du m\u00e9dicament \u00e0 l\\&rsquo;h\u00f4pital- Never Events<\/li>\n\n\n\n<li>Conf\u00e9rence de Blandine Caillet&nbsp;sur le th\u00e8me du regard crois\u00e9 entre l\u2019Art Nouveau et l\u2019Art Pharmaceutique<\/li>\n\n\n\n<li>Conf\u00e9rence d&rsquo;Olivier Parent de Curzon, praticien hospitalier, chef de service pharmacie (H\u00f4pital Vaugirard Paris 15e),&nbsp;sur le th\u00e8me de la Prise en charge de la douleur &#8211; Cas particulier du sujet \u00e2g\u00e9<\/li>\n\n\n\n<li>Conf\u00e9rence de Luc Besan\u00e7on,&nbsp;sur le th\u00e8me : Les nouveaux r\u00f4les des pharmaciens en France : le\u00e7ons des pays \u00e9trangers.<\/li>\n\n\n\n<li>Conf\u00e9rence de F. Normand, Pr\u00e9sident de l&rsquo;ANEPF 2010-2011&nbsp;sur le th\u00e8me de la R\u00e9forme des \u00e9tudes pharmaceutiques, actualit\u00e9 et perspectives<\/li>\n\n\n\n<li>Conf\u00e9rence de J. Bernard Pr\u00e9sident de Maladies rares&nbsp;sur le th\u00e8me d&rsquo;Info Service : A La Rencontre des Maladies Rares<\/li>\n\n\n\n<li>Conf\u00e9rence de Mohamed Bidri&nbsp;sur le th\u00e8me de Fenugrec, \u00e9pice et plante m\u00e9dicinale<\/li>\n\n\n\n<li>Conf\u00e9rence de Nacima Oussedik&nbsp;sur le th\u00e8me de l&rsquo;Education th\u00e9rapeutique : mode d\u2019application aux patients atteints d\u2019un cancer<\/li>\n\n\n\n<li>Conf\u00e9rence de Louis-Julien Sourd&nbsp;sur le th\u00e8me de la s\u00e9curit\u00e9 sanitaire des aliments<\/li>\n<\/ul>\n\n\n\n<p><strong>Acad\u00e9miciens et conf\u00e9renciers prestigieux <\/strong>dans le cadre des Journ\u00e9es Pharmaceutiques Internationales de Paris ou de Pharmagora : M. D\u00e9on, F\u00e9licien Marceau, Maurice Rheims, Pr.Marian Apfelbaum, Pr. Jean Bernard, Jean-Marie Rouart,Jean d\u2019Ormesson.<\/p>\n","protected":false},"excerpt":{"rendered":"<p>Chaque ann\u00e9e, la SFDP proposait plusieurs conf\u00e9rences th\u00e9matiques. Voici une s\u00e9lection les derni\u00e8res conf\u00e9rences : Acad\u00e9miciens et conf\u00e9renciers prestigieux dans le cadre des Journ\u00e9es Pharmaceutiques Internationales de Paris ou de Pharmagora : M. D\u00e9on, F\u00e9licien Marceau, Maurice Rheims, Pr.Marian Apfelbaum, Pr. Jean Bernard, Jean-Marie Rouart,Jean d\u2019Ormesson.<\/p>\n","protected":false},"author":1,"featured_media":0,"parent":0,"menu_order":0,"comment_status":"closed","ping_status":"closed","template":"","meta":{"footnotes":""},"class_list":["post-26","page","type-page","status-publish","hentry"],"_links":{"self":[{"href":"https:\/\/www.sfdp.fr\/index.php\/wp-json\/wp\/v2\/pages\/26","targetHints":{"allow":["GET"]}}],"collection":[{"href":"https:\/\/www.sfdp.fr\/index.php\/wp-json\/wp\/v2\/pages"}],"about":[{"href":"https:\/\/www.sfdp.fr\/index.php\/wp-json\/wp\/v2\/types\/page"}],"author":[{"embeddable":true,"href":"https:\/\/www.sfdp.fr\/index.php\/wp-json\/wp\/v2\/users\/1"}],"replies":[{"embeddable":true,"href":"https:\/\/www.sfdp.fr\/index.php\/wp-json\/wp\/v2\/comments?post=26"}],"version-history":[{"count":3,"href":"https:\/\/www.sfdp.fr\/index.php\/wp-json\/wp\/v2\/pages\/26\/revisions"}],"predecessor-version":[{"id":31,"href":"https:\/\/www.sfdp.fr\/index.php\/wp-json\/wp\/v2\/pages\/26\/revisions\/31"}],"wp:attachment":[{"href":"https:\/\/www.sfdp.fr\/index.php\/wp-json\/wp\/v2\/media?parent=26"}],"curies":[{"name":"wp","href":"https:\/\/api.w.org\/{rel}","templated":true}]}}