{"id":18,"date":"2025-11-17T21:59:06","date_gmt":"2025-11-17T21:59:06","guid":{"rendered":"https:\/\/www.sfdp.fr\/?page_id=18"},"modified":"2025-11-17T22:02:39","modified_gmt":"2025-11-17T22:02:39","slug":"prix-de-these","status":"publish","type":"page","link":"https:\/\/www.sfdp.fr\/index.php\/prix-de-these\/","title":{"rendered":"Prix de th\u00e8se"},"content":{"rendered":"\n<p>La SFDP visait \u00e0 promouvoir les docteurs en pharmacie en misant sur l&rsquo;excellence de leur formation. L&rsquo;aboutissement de cette formation est une th\u00e8se. Afin de favoriser l&rsquo;esprit de recherche de l&rsquo;excellence, la SFDP r\u00e9compensait chaque ann\u00e9e un docteur en pharmacie titulaire d\u2019un doctorat d\u2019universit\u00e9 qui par sa th\u00e8se a su montrer des qualit\u00e9s de recherche, de synth\u00e8se et d&rsquo;analyse remarquables.<\/p>\n\n\n\n<p>Ainsi, elle dotait chaque ann\u00e9e le Prix des Sciences Pharmaceutiques de l&rsquo;Acad\u00e9mie nationale de Pharmacie.<\/p>\n\n\n\n<p>Le prix \u00e9tait ouvert \u00e0 toutes les disciplines pharmaceutiques, mais pour des th\u00e8ses de doctorat d&rsquo;universit\u00e9, soutenues depuis moins de deux ans \u00e0 la date de candidature, et exclusivement r\u00e9serv\u00e9 \u00e0 un pharmacien, de la m\u00e9tropole ou de pays francophones.<\/p>\n\n\n\n<p>Un jury comprenant des repr\u00e9sentants de l\u2019Acad\u00e9mie nationale de pharmacie et le pr\u00e9sident de la Soci\u00e9t\u00e9 internationale des docteurs en pharmacie d\u2019expression fran\u00e7aise, d\u00e9signait selon les r\u00e8gles de l\u2019Acad\u00e9mie nationale de pharmacie, le travail qui, parmi les th\u00e8ses re\u00e7ues, lui parait le plus repr\u00e9sentatif.<\/p>\n\n\n\n<p>Le Prix \u00e9tait remis solennellement au laur\u00e9at, lors de la s\u00e9ance de rentr\u00e9e de l\u2019Acad\u00e9mie Nationale de pharmacie.<\/p>\n\n\n\n<p>Le prix \u00e9tait dot\u00e9 d\u2019une somme dont le montant est vot\u00e9 chaque ann\u00e9e par le bureau de la SFDP.<\/p>\n\n\n\n<p class=\"is-style-text-subtitle\">Les laur\u00e9ats du prix de th\u00e8se de la SFDP<\/p>\n\n\n\n<p>Voici la liste des derniers laur\u00e9ats du prix de th\u00e8se de la SFDP :<\/p>\n\n\n\n<ul class=\"wp-block-list\">\n<li><strong>Ann\u00e9e 2017<\/strong> :&nbsp;Ga\u00eblle NO\u00c9 pour sa th\u00e8se \u00ab Recherche de biomarqueurs pharmacodynamiques dans des cellules mononucl\u00e9es du sang p\u00e9riph\u00e9rique, chez des patients atteints de cancers trait\u00e9s par sunitinib ou nivolumab. Int\u00e9r\u00eat de l\u2019approche kinomique&nbsp;\u00bb.<\/li>\n\n\n\n<li><strong>Ann\u00e9e 2016<\/strong> : Gabin FABRE, pour sa th\u00e8se de Doctorat des Universit\u00e9s de Limoges et de Palack\u00fd Olomouc intitul\u00e9e \u00ab <em>Molecular interaction of natural compounds with lipid bilayer membranes : towards a better understanding of their biological and pharmaceutical actions<\/em> \u00bb.<\/li>\n\n\n\n<li><strong>Ann\u00e9e 2015<\/strong> : Charline KIEFFER, pour sa th\u00e8se de Doctorat de l\u2019Universit\u00e9 Universit\u00e9 d&rsquo;Aix-Marseille intitul\u00e9e \u00ab Pharmacochimie antiprotozoaire en s\u00e9ries quinazoline et quinol\u00e9ine : synth\u00e8se, \u00e9valuation biologique et recherche du m\u00e9canisme d\u2019action \u00bb.<\/li>\n\n\n\n<li><strong>Ann\u00e9e 2014<\/strong> : Marianne PARENT, pour sa th\u00e8se de Doctorat de l\u2019Universit\u00e9 de Lorraine intitul\u00e9e \u00ab Formulation in situ de donneurs de monoxyde d&rsquo;azote\u00bb<\/li>\n\n\n\n<li><strong>Ann\u00e9e 2013<\/strong> : H\u00e9l\u00e8ne LEHMANN, pour sa th\u00e8se de Doctorat de l\u2019Universit\u00e9 de Strasbourg intitul\u00e9e \u00ab Le m\u00e9dicament \u00e0 base de plantes en Europe &#8211; statut, enregistrement, contr\u00f4le\u00bb<\/li>\n\n\n\n<li><strong>Ann\u00e9e 2012<\/strong> : Marie HERR BREGET, pour sa th\u00e8se de Doctorat de l\u2019Universit\u00e9 Paris Descartes intitul\u00e9e \u00ab Cadre\/Mode de vie et symptomatologie respiratoire et allergique au cours des 18 premiers mois de vie : R\u00e9sultats de la cohorte de nouveau-n\u00e9s Paris\u00bb.<\/li>\n\n\n\n<li><strong>Ann\u00e9e 2011<\/strong> : Ali MAKKY, pour sa th\u00e8se de Doctorat de l\u2019Universit\u00e9 Paris XI intitul\u00e9e \u00ab Analyse des m\u00e9canismes de p\u00e9n\u00e9tration intramembranaire de porphyrines glycoconjug\u00e9es utilisables en th\u00e9rapie photodynamique des cancers : mod\u00e9lisation des interactions sp\u00e9cifiques et non sp\u00e9cifiques\u00bb.<\/li>\n\n\n\n<li><strong>Ann\u00e9e 2009<\/strong> : \u00c9ric CAUDRON, pour sa th\u00e8se de Doctorat de l\u2019Universit\u00e9 Paris XI intitul\u00e9e \u00ab Int\u00e9r\u00eats et limites de la fluorescence mol\u00e9culaire dans le cadre du diagnostic biologique de la maladie de Fabry et de la d\u00e9tection supramol\u00e9culaire des lipides\u00bb.<\/li>\n\n\n\n<li><strong>Ann\u00e9e 2007<\/strong> : Christophe AUG\u00c9, pour sa th\u00e8se de Doctorat de l\u2019Universit\u00e9 de Reims intitul\u00e9e \u00ab Synth\u00e8ses en s\u00e9rie tryptophane : dipeptides \u00e0 vis\u00e9e anti-angiog\u00e9nique et d\u00e9riv\u00e9s C-2-mannosyl\u00e9s\u00bb.<\/li>\n\n\n\n<li><strong>Ann\u00e9e 2004<\/strong> : Caroline PERRIN-SARRADO, pour sa th\u00e8se de Doctorat de l\u2019Universit\u00e9 de Bourgogne (sp\u00e9cialit\u00e9 : Physiologie et Pharmacologie) intitul\u00e9e \u00ab R\u00f4le des prot\u00e9ases dans l&rsquo;adaptation du myocarde \u00e0 l&rsquo;isch\u00e9mie\u00bb.<\/li>\n\n\n\n<li><strong>Ann\u00e9e 2003<\/strong> : Emmanuelle ALEXANDRE, pour sa th\u00e8se de Doctorat de l\u2019Universit\u00e9 de Lille 2 intitul\u00e9e \u00ab R\u00e9gulation des d\u00e9penses pharmaceutiques publiques dans l&rsquo;Union Europ\u00e9enne\u00bb.<\/li>\n\n\n\n<li><strong>Ann\u00e9e 2002<\/strong> : H\u00e9l\u00e8ne VAN DEN BRINK, pour sa th\u00e8se de Doctorat de l&rsquo;Universit\u00e9 Paris XI intitul\u00e9e : \u00ab Les m\u00e9dicaments orphelins dans le contexte de la ma\u00eetrise des d\u00e9penses de sant\u00e9\u00bb.<\/li>\n\n\n\n<li><strong>Ann\u00e9e 2001<\/strong> : Erwan POUPON, pour sa th\u00e8se de Doctorat de l\u2019Universit\u00e9 Paris-V \u2013 Ren\u00e9 Descartes consacr\u00e9e aux \u00ab Nouvelles pip\u00e9ridines (R) \u2013 (-) ph\u00e9nylglycinol pour la synth\u00e8se de produits naturels\u00bb.<\/li>\n\n\n\n<li><strong>Ann\u00e9e 2000<\/strong> : C\u00e9cile LAUGEL, pour sa th\u00e8se de Doctorat de l&rsquo;Universit\u00e9 Paris XI intitul\u00e9e \u00ab Contribution m\u00e9thodologique \u00e0 l\u2019\u00e9tude des \u00e9mulsions multiples en cosm\u00e9tologie\u00bb.<\/li>\n\n\n\n<li><strong>Ann\u00e9e 1999<\/strong> : St\u00e9phanie DESGOUILLES, pour sa th\u00e8se de Doctorat de l&rsquo;Universit\u00e9 Joseph Fourier (Grenoble) intitul\u00e9e \u00ab Compr\u00e9hension des m\u00e9canismes de formation des nanoparticules pr\u00e9par\u00e9es par \u00e9mulsification &#8211; \u00e9vaporation de solvant\u00bb.<\/li>\n<\/ul>\n","protected":false},"excerpt":{"rendered":"<p>La SFDP visait \u00e0 promouvoir les docteurs en pharmacie en misant sur l&rsquo;excellence de leur formation. L&rsquo;aboutissement de cette formation est une th\u00e8se. Afin de favoriser l&rsquo;esprit de recherche de l&rsquo;excellence, la SFDP r\u00e9compensait chaque ann\u00e9e un docteur en pharmacie titulaire d\u2019un doctorat d\u2019universit\u00e9 qui par sa th\u00e8se a su montrer des qualit\u00e9s de recherche, [&hellip;]<\/p>\n","protected":false},"author":1,"featured_media":0,"parent":0,"menu_order":0,"comment_status":"closed","ping_status":"closed","template":"","meta":{"footnotes":""},"class_list":["post-18","page","type-page","status-publish","hentry"],"_links":{"self":[{"href":"https:\/\/www.sfdp.fr\/index.php\/wp-json\/wp\/v2\/pages\/18","targetHints":{"allow":["GET"]}}],"collection":[{"href":"https:\/\/www.sfdp.fr\/index.php\/wp-json\/wp\/v2\/pages"}],"about":[{"href":"https:\/\/www.sfdp.fr\/index.php\/wp-json\/wp\/v2\/types\/page"}],"author":[{"embeddable":true,"href":"https:\/\/www.sfdp.fr\/index.php\/wp-json\/wp\/v2\/users\/1"}],"replies":[{"embeddable":true,"href":"https:\/\/www.sfdp.fr\/index.php\/wp-json\/wp\/v2\/comments?post=18"}],"version-history":[{"count":3,"href":"https:\/\/www.sfdp.fr\/index.php\/wp-json\/wp\/v2\/pages\/18\/revisions"}],"predecessor-version":[{"id":21,"href":"https:\/\/www.sfdp.fr\/index.php\/wp-json\/wp\/v2\/pages\/18\/revisions\/21"}],"wp:attachment":[{"href":"https:\/\/www.sfdp.fr\/index.php\/wp-json\/wp\/v2\/media?parent=18"}],"curies":[{"name":"wp","href":"https:\/\/api.w.org\/{rel}","templated":true}]}}